{"id":3479,"date":"2025-04-05T17:39:57","date_gmt":"2025-04-05T16:39:57","guid":{"rendered":"https:\/\/i-dogs.shop\/?post_type=product&#038;p=3479"},"modified":"2025-11-30T21:26:47","modified_gmt":"2025-11-30T19:26:47","slug":"new-harness-petrol","status":"publish","type":"product","link":"https:\/\/i-dogs.shop\/de\/produkt\/new-harness-petrol\/","title":{"rendered":"NEW - Harness Urban Benzin"},"content":{"rendered":"<p>Willst du modisch \u00fcber die Stra\u00dfe gehen? Dann ist dieses I-Dogs Geschirr genau das Richtige f\u00fcr Sie!<\/p>\n<p>Dieses Geschirr ist an mehreren Stellen verstellbar, auch am Bauch, um eine perfekte Passform zu gew\u00e4hrleisten. Das Geschirr besteht vollst\u00e4ndig aus einem petrolfarbenen Veloursstoff und ist mit ros\u00e9goldenen Schnallen versehen<\/p>\n<p>Dieses Gurtzeug kann mit der Hand gewaschen und an der Luft getrocknet werden.<\/p>\n<p>Vervollst\u00e4ndigen Sie diesen Look mit dem <a href=\"https:\/\/i-dogs.shop\/de\/produkt\/new-leash-petrol\/\">passender G\u00fcrtel<\/a> und die <a href=\"https:\/\/i-dogs.shop\/de\/produkt\/new-poopbagholder-urban-petrol\/\">passender Kackbeutelhalter<\/a>.<\/p>","protected":false},"excerpt":{"rendered":"<p>Wil je fashionable over straat lopen? Dan is dit I-Dogs tuigje echt iets voor jou! Dit harness is op meerdere plekken verstelbaar, waaronder ook op de buik, zodat hij perfect past. Het tuigje bestaat volledig uit een petrol velours stof en is afgewerkt met ros\u00e9 gouden gespen Dit tuigje kan gewassen worden middels handwas en [&hellip;]<\/p>\n","protected":false},"featured_media":3694,"comment_status":"open","ping_status":"closed","template":"","meta":{"site-sidebar-layout":"default","site-content-layout":"","ast-site-content-layout":"default","site-content-style":"default","site-sidebar-style":"default","ast-global-header-display":"","ast-banner-title-visibility":"","ast-main-header-display":"","ast-hfb-above-header-display":"","ast-hfb-below-header-display":"","ast-hfb-mobile-header-display":"","site-post-title":"","ast-breadcrumbs-content":"","ast-featured-img":"","footer-sml-layout":"","ast-disable-related-posts":"","theme-transparent-header-meta":"default","adv-header-id-meta":"","stick-header-meta":"","header-above-stick-meta":"","header-main-stick-meta":"","header-below-stick-meta":"","astra-migrate-meta-layouts":"set","ast-page-background-enabled":"default","ast-page-background-meta":{"desktop":{"background-color":"var(--ast-global-color-4)","background-image":"","background-repeat":"repeat","background-position":"center center","background-size":"auto","background-attachment":"scroll","background-type":"","background-media":"","overlay-type":"","overlay-color":"","overlay-opacity":"","overlay-gradient":""},"tablet":{"background-color":"","background-image":"","background-repeat":"repeat","background-position":"center center","background-size":"auto","background-attachment":"scroll","background-type":"","background-media":"","overlay-type":"","overlay-color":"","overlay-opacity":"","overlay-gradient":""},"mobile":{"background-color":"","background-image":"","background-repeat":"repeat","background-position":"center center","background-size":"auto","background-attachment":"scroll","background-type":"","background-media":"","overlay-type":"","overlay-color":"","overlay-opacity":"","overlay-gradient":""}},"ast-content-background-meta":{"desktop":{"background-color":"var(--ast-global-color-5)","background-image":"","background-repeat":"repeat","background-position":"center center","background-size":"auto","background-attachment":"scroll","background-type":"","background-media":"","overlay-type":"","overlay-color":"","overlay-opacity":"","overlay-gradient":""},"tablet":{"background-color":"var(--ast-global-color-5)","background-image":"","background-repeat":"repeat","background-position":"center center","background-size":"auto","background-attachment":"scroll","background-type":"","background-media":"","overlay-type":"","overlay-color":"","overlay-opacity":"","overlay-gradient":""},"mobile":{"background-color":"var(--ast-global-color-5)","background-image":"","background-repeat":"repeat","background-position":"center center","background-size":"auto","background-attachment":"scroll","background-type":"","background-media":"","overlay-type":"","overlay-color":"","overlay-opacity":"","overlay-gradient":""}},"_joinchat":[]},"product_brand":[],"product_cat":[77],"product_tag":[],"class_list":{"0":"post-3479","1":"product","2":"type-product","3":"status-publish","4":"has-post-thumbnail","6":"product_cat-tuigjesenriemen","7":"product_shipping_class-brievenbuspakket","8":"desktop-align-left","9":"tablet-align-left","10":"mobile-align-left","12":"first","13":"instock","14":"taxable","15":"shipping-taxable","16":"purchasable","17":"product-type-variable"},"_links":{"self":[{"href":"https:\/\/i-dogs.shop\/de\/wp-json\/wp\/v2\/product\/3479","targetHints":{"allow":["GET"]}}],"collection":[{"href":"https:\/\/i-dogs.shop\/de\/wp-json\/wp\/v2\/product"}],"about":[{"href":"https:\/\/i-dogs.shop\/de\/wp-json\/wp\/v2\/types\/product"}],"replies":[{"embeddable":true,"href":"https:\/\/i-dogs.shop\/de\/wp-json\/wp\/v2\/comments?post=3479"}],"version-history":[{"count":0,"href":"https:\/\/i-dogs.shop\/de\/wp-json\/wp\/v2\/product\/3479\/revisions"}],"wp:featuredmedia":[{"embeddable":true,"href":"https:\/\/i-dogs.shop\/de\/wp-json\/wp\/v2\/media\/3694"}],"wp:attachment":[{"href":"https:\/\/i-dogs.shop\/de\/wp-json\/wp\/v2\/media?parent=3479"}],"wp:term":[{"taxonomy":"product_brand","embeddable":true,"href":"https:\/\/i-dogs.shop\/de\/wp-json\/wp\/v2\/product_brand?post=3479"},{"taxonomy":"product_cat","embeddable":true,"href":"https:\/\/i-dogs.shop\/de\/wp-json\/wp\/v2\/product_cat?post=3479"},{"taxonomy":"product_tag","embeddable":true,"href":"https:\/\/i-dogs.shop\/de\/wp-json\/wp\/v2\/product_tag?post=3479"}],"curies":[{"name":"wp","href":"https:\/\/api.w.org\/{rel}","templated":true}]}}