{"id":3519,"date":"2025-04-05T18:28:05","date_gmt":"2025-04-05T17:28:05","guid":{"rendered":"https:\/\/i-dogs.shop\/?post_type=product&#038;p=3519"},"modified":"2025-11-30T21:23:21","modified_gmt":"2025-11-30T19:23:21","slug":"new-complete-set-urban-petrol","status":"publish","type":"product","link":"https:\/\/i-dogs.shop\/de\/produkt\/new-complete-set-urban-petrol\/","title":{"rendered":"NEU - Komplettset Urban Petrol"},"content":{"rendered":"<p>Gurtzeug:<\/p>\n<ul>\n<li>Willst du modisch \u00fcber die Stra\u00dfe gehen? Dann ist dieses I-Dogs Geschirr genau das Richtige f\u00fcr Sie!<\/li>\n<li>Dieses Geschirr ist an mehreren Stellen verstellbar, auch am Bauch, um eine perfekte Passform zu gew\u00e4hrleisten. Das Geschirr besteht vollst\u00e4ndig aus einem petrolfarbenen Veloursstoff und ist mit ros\u00e9goldenen Schnallen versehen.<\/li>\n<li>Dieses Gurtzeug kann mit der Hand gewaschen und an der Luft getrocknet werden.<\/li>\n<\/ul>\n<p>Leine:<\/p>\n<ul>\n<li>Willst du modisch \u00fcber die Stra\u00dfe gehen? Dann ist dieser G\u00fcrtel von I-Dogs ein absolutes Must-Have.<\/li>\n<li>Dieser G\u00fcrtel hat eine L\u00e4nge von 152 cm.<\/li>\n<li>Dieser G\u00fcrtel kann mit der Hand gewaschen und an der Luft getrocknet werden.<\/li>\n<\/ul>\n<p>Poopbagholder:<\/p>\n<ul>\n<li>Sind Sie es leid, den Kotbeutel jedes Mal an Ihren G\u00fcrtel zu binden? Dann ist dieser I-Dogs-Kotbeutelhalter die ideale L\u00f6sung!<\/li>\n<li>Die Kotbeutelhalter sind kompakt, robust und enthalten eine Rolle Kotbeutel, damit Sie sie sofort verwenden k\u00f6nnen.<\/li>\n<li><span style=\"font-size: 16px;\">An der Halterung befindet sich ein Clip, mit dem man sie am G\u00fcrtel befestigen kann.<\/span><\/li>\n<\/ul>","protected":false},"excerpt":{"rendered":"<p>Harness: Wil je fashionable over straat lopen? Dan is dit I-Dogs tuigje echt iets voor jou! Dit harness is op meerdere plekken verstelbaar, waaronder ook op de buik, zodat hij perfect past. Het tuigje bestaat volledig uit een petrol velours stof en is afgewerkt met ros\u00e9 gouden gespen. Dit tuigje kan gewassen worden middels handwas [&hellip;]<\/p>\n","protected":false},"featured_media":3693,"comment_status":"open","ping_status":"closed","template":"","meta":{"site-sidebar-layout":"default","site-content-layout":"","ast-site-content-layout":"default","site-content-style":"default","site-sidebar-style":"default","ast-global-header-display":"","ast-banner-title-visibility":"","ast-main-header-display":"","ast-hfb-above-header-display":"","ast-hfb-below-header-display":"","ast-hfb-mobile-header-display":"","site-post-title":"","ast-breadcrumbs-content":"","ast-featured-img":"","footer-sml-layout":"","ast-disable-related-posts":"","theme-transparent-header-meta":"default","adv-header-id-meta":"","stick-header-meta":"","header-above-stick-meta":"","header-main-stick-meta":"","header-below-stick-meta":"","astra-migrate-meta-layouts":"set","ast-page-background-enabled":"default","ast-page-background-meta":{"desktop":{"background-color":"var(--ast-global-color-4)","background-image":"","background-repeat":"repeat","background-position":"center center","background-size":"auto","background-attachment":"scroll","background-type":"","background-media":"","overlay-type":"","overlay-color":"","overlay-opacity":"","overlay-gradient":""},"tablet":{"background-color":"","background-image":"","background-repeat":"repeat","background-position":"center center","background-size":"auto","background-attachment":"scroll","background-type":"","background-media":"","overlay-type":"","overlay-color":"","overlay-opacity":"","overlay-gradient":""},"mobile":{"background-color":"","background-image":"","background-repeat":"repeat","background-position":"center center","background-size":"auto","background-attachment":"scroll","background-type":"","background-media":"","overlay-type":"","overlay-color":"","overlay-opacity":"","overlay-gradient":""}},"ast-content-background-meta":{"desktop":{"background-color":"var(--ast-global-color-5)","background-image":"","background-repeat":"repeat","background-position":"center center","background-size":"auto","background-attachment":"scroll","background-type":"","background-media":"","overlay-type":"","overlay-color":"","overlay-opacity":"","overlay-gradient":""},"tablet":{"background-color":"var(--ast-global-color-5)","background-image":"","background-repeat":"repeat","background-position":"center center","background-size":"auto","background-attachment":"scroll","background-type":"","background-media":"","overlay-type":"","overlay-color":"","overlay-opacity":"","overlay-gradient":""},"mobile":{"background-color":"var(--ast-global-color-5)","background-image":"","background-repeat":"repeat","background-position":"center center","background-size":"auto","background-attachment":"scroll","background-type":"","background-media":"","overlay-type":"","overlay-color":"","overlay-opacity":"","overlay-gradient":""}},"_joinchat":[]},"product_brand":[],"product_cat":[77],"product_tag":[],"class_list":{"0":"post-3519","1":"product","2":"type-product","3":"status-publish","4":"has-post-thumbnail","6":"product_cat-tuigjesenriemen","7":"product_shipping_class-standaard-pakket","8":"desktop-align-left","9":"tablet-align-left","10":"mobile-align-left","12":"first","13":"instock","14":"taxable","15":"shipping-taxable","16":"purchasable","17":"product-type-variable"},"_links":{"self":[{"href":"https:\/\/i-dogs.shop\/de\/wp-json\/wp\/v2\/product\/3519","targetHints":{"allow":["GET"]}}],"collection":[{"href":"https:\/\/i-dogs.shop\/de\/wp-json\/wp\/v2\/product"}],"about":[{"href":"https:\/\/i-dogs.shop\/de\/wp-json\/wp\/v2\/types\/product"}],"replies":[{"embeddable":true,"href":"https:\/\/i-dogs.shop\/de\/wp-json\/wp\/v2\/comments?post=3519"}],"version-history":[{"count":0,"href":"https:\/\/i-dogs.shop\/de\/wp-json\/wp\/v2\/product\/3519\/revisions"}],"wp:featuredmedia":[{"embeddable":true,"href":"https:\/\/i-dogs.shop\/de\/wp-json\/wp\/v2\/media\/3693"}],"wp:attachment":[{"href":"https:\/\/i-dogs.shop\/de\/wp-json\/wp\/v2\/media?parent=3519"}],"wp:term":[{"taxonomy":"product_brand","embeddable":true,"href":"https:\/\/i-dogs.shop\/de\/wp-json\/wp\/v2\/product_brand?post=3519"},{"taxonomy":"product_cat","embeddable":true,"href":"https:\/\/i-dogs.shop\/de\/wp-json\/wp\/v2\/product_cat?post=3519"},{"taxonomy":"product_tag","embeddable":true,"href":"https:\/\/i-dogs.shop\/de\/wp-json\/wp\/v2\/product_tag?post=3519"}],"curies":[{"name":"wp","href":"https:\/\/api.w.org\/{rel}","templated":true}]}}