{"id":3601,"date":"2025-04-11T15:18:05","date_gmt":"2025-04-11T14:18:05","guid":{"rendered":"https:\/\/i-dogs.shop\/?post_type=product&#038;p=3601"},"modified":"2025-06-26T11:43:50","modified_gmt":"2025-06-26T09:43:50","slug":"dog-snack-mango-framboos","status":"publish","type":"product","link":"https:\/\/i-dogs.shop\/de\/produkt\/dog-snack-mango-framboos\/","title":{"rendered":"Hundesnack Mango\/Himbeere"},"content":{"rendered":"<p>Sie suchen nach einem leckeren Hundesnack, der auch noch gesund ist: Sonnenschein in jedem Bissen! Mango ist vollgepackt mit den Vitaminen A, B6 und C, die das Immunsystem st\u00e4rken, die Verdauung f\u00f6rdern und das Fell Ihres Hundes gl\u00e4nzend halten. Kombiniert mit antioxidantienreichen Himbeeren ist diese lebendige Mischung perfekt, um Ihren s\u00fc\u00dfen Vierbeiner das ganze Jahr \u00fcber gesund und gl\u00fccklich zu halten!<\/p>\n<p>Und da beide Fr\u00fcchte schonend f\u00fcr empfindliche M\u00e4gen sind, kann Ihr Hund diese Leckerbissen unbesorgt genie\u00dfen.<\/p>\n<p>Wussten Sie, dass Mango eine tropische K\u00f6stlichkeit f\u00fcr Ihren Hund ist, vollgepackt mit Vitamin C und Antioxidantien, die sein Immunsystem st\u00e4rken und ihn stark und gesund halten.<\/p>\n<p>Inhalt: 50 Gramm<\/p>","protected":false},"excerpt":{"rendered":"<p>Op zoek naar een heerlijke hondensnack die ook gezond is; Zonneschijn in elke hap! Mango zit boordevol vitamines A, B6 en C, die helpen de immuniteit te versterken, de spijsvertering te ondersteunen en de vacht van je hond glanzend te houden. Gecombineerd met antioxidantenrijke frambozen is deze levendige mix perfect om je lieve viervoeter het [&hellip;]<\/p>\n","protected":false},"featured_media":3592,"comment_status":"open","ping_status":"closed","template":"","meta":{"site-sidebar-layout":"default","site-content-layout":"","ast-site-content-layout":"default","site-content-style":"default","site-sidebar-style":"default","ast-global-header-display":"","ast-banner-title-visibility":"","ast-main-header-display":"","ast-hfb-above-header-display":"","ast-hfb-below-header-display":"","ast-hfb-mobile-header-display":"","site-post-title":"","ast-breadcrumbs-content":"","ast-featured-img":"","footer-sml-layout":"","ast-disable-related-posts":"","theme-transparent-header-meta":"default","adv-header-id-meta":"","stick-header-meta":"","header-above-stick-meta":"","header-main-stick-meta":"","header-below-stick-meta":"","astra-migrate-meta-layouts":"set","ast-page-background-enabled":"default","ast-page-background-meta":{"desktop":{"background-color":"var(--ast-global-color-4)","background-image":"","background-repeat":"repeat","background-position":"center center","background-size":"auto","background-attachment":"scroll","background-type":"","background-media":"","overlay-type":"","overlay-color":"","overlay-opacity":"","overlay-gradient":""},"tablet":{"background-color":"","background-image":"","background-repeat":"repeat","background-position":"center center","background-size":"auto","background-attachment":"scroll","background-type":"","background-media":"","overlay-type":"","overlay-color":"","overlay-opacity":"","overlay-gradient":""},"mobile":{"background-color":"","background-image":"","background-repeat":"repeat","background-position":"center center","background-size":"auto","background-attachment":"scroll","background-type":"","background-media":"","overlay-type":"","overlay-color":"","overlay-opacity":"","overlay-gradient":""}},"ast-content-background-meta":{"desktop":{"background-color":"var(--ast-global-color-5)","background-image":"","background-repeat":"repeat","background-position":"center center","background-size":"auto","background-attachment":"scroll","background-type":"","background-media":"","overlay-type":"","overlay-color":"","overlay-opacity":"","overlay-gradient":""},"tablet":{"background-color":"var(--ast-global-color-5)","background-image":"","background-repeat":"repeat","background-position":"center center","background-size":"auto","background-attachment":"scroll","background-type":"","background-media":"","overlay-type":"","overlay-color":"","overlay-opacity":"","overlay-gradient":""},"mobile":{"background-color":"var(--ast-global-color-5)","background-image":"","background-repeat":"repeat","background-position":"center center","background-size":"auto","background-attachment":"scroll","background-type":"","background-media":"","overlay-type":"","overlay-color":"","overlay-opacity":"","overlay-gradient":""}},"_joinchat":[]},"product_brand":[],"product_cat":[67],"product_tag":[],"class_list":{"0":"post-3601","1":"product","2":"type-product","3":"status-publish","4":"has-post-thumbnail","6":"product_cat-snacks","7":"product_shipping_class-brievenbuspakket","8":"desktop-align-left","9":"tablet-align-left","10":"mobile-align-left","12":"first","13":"instock","14":"taxable","15":"shipping-taxable","16":"purchasable","17":"product-type-simple"},"_links":{"self":[{"href":"https:\/\/i-dogs.shop\/de\/wp-json\/wp\/v2\/product\/3601","targetHints":{"allow":["GET"]}}],"collection":[{"href":"https:\/\/i-dogs.shop\/de\/wp-json\/wp\/v2\/product"}],"about":[{"href":"https:\/\/i-dogs.shop\/de\/wp-json\/wp\/v2\/types\/product"}],"replies":[{"embeddable":true,"href":"https:\/\/i-dogs.shop\/de\/wp-json\/wp\/v2\/comments?post=3601"}],"version-history":[{"count":0,"href":"https:\/\/i-dogs.shop\/de\/wp-json\/wp\/v2\/product\/3601\/revisions"}],"wp:featuredmedia":[{"embeddable":true,"href":"https:\/\/i-dogs.shop\/de\/wp-json\/wp\/v2\/media\/3592"}],"wp:attachment":[{"href":"https:\/\/i-dogs.shop\/de\/wp-json\/wp\/v2\/media?parent=3601"}],"wp:term":[{"taxonomy":"product_brand","embeddable":true,"href":"https:\/\/i-dogs.shop\/de\/wp-json\/wp\/v2\/product_brand?post=3601"},{"taxonomy":"product_cat","embeddable":true,"href":"https:\/\/i-dogs.shop\/de\/wp-json\/wp\/v2\/product_cat?post=3601"},{"taxonomy":"product_tag","embeddable":true,"href":"https:\/\/i-dogs.shop\/de\/wp-json\/wp\/v2\/product_tag?post=3601"}],"curies":[{"name":"wp","href":"https:\/\/api.w.org\/{rel}","templated":true}]}}