{"id":3607,"date":"2025-04-11T15:23:51","date_gmt":"2025-04-11T14:23:51","guid":{"rendered":"https:\/\/i-dogs.shop\/?post_type=product&#038;p=3607"},"modified":"2025-06-26T11:43:42","modified_gmt":"2025-06-26T09:43:42","slug":"dog-snack-pawna-colada","status":"publish","type":"product","link":"https:\/\/i-dogs.shop\/de\/produkt\/dog-snack-pawna-colada\/","title":{"rendered":"Hundesnack Paw'na Colada"},"content":{"rendered":"<p>Du suchst nach einem leckeren Hundesnack, der auch noch gesund ist? Lass uns eine Pfote nehmen und mit unserer Soopa cool PUPTAILS Kollektion feiern! Diese Leckereien in limitierter Auflage sind einzigartig und bieten deinen pelzigen Freunden einen pfiffigen Twist auf klassische Cocktails.<\/p>\n<p>Vollgepackt mit Geschmacksexplosionen, die jedes H\u00fcndchen sabbern lassen - geben Sie Ihren pelzigen Freunden einen Geschmack der Saison, den sie lieben werden! Wussten Sie, dass Kokosnuss entz\u00fcndungshemmende Eigenschaften besitzt, die die Heilung f\u00f6rdern, Schwellungen reduzieren und Gelenkschmerzen lindern k\u00f6nnen?<\/p>\n<p>Kokosn\u00fcsse unterst\u00fctzen eine gesunde Haut und ein gl\u00e4nzendes Fell, und die Antioxidantien k\u00f6nnen trockene, juckende Haut lindern. Au\u00dferdem hilft es bei der Bek\u00e4mpfung von Infektionen und Viren.<\/p>\n<p>Ananas ist hervorragend geeignet, um die Verdauung zu verbessern, das Energieniveau zu steigern und das Immunsystem zu st\u00e4rken. Diese Leckereien enthalten sicherlich viele gesundheitliche Vorteile!<\/p>\n<p>Inhalt: 50 Gramm<\/p>","protected":false},"excerpt":{"rendered":"<p>Op zoek naar een heerlijke hondensnack die ook nog eens gezond is? Laten we een pootje opsteken en dat vieren met onze Soopa coole PUPTAILS-collectie! Deze lekkernijen in beperkte oplage zijn als geen ander en bieden je harige vrienden een wispelende draai aan klassieke cocktails. Boordevol smaakuitbarstingen waar elk hondje van gaat kwijlen &#8211; geef [&hellip;]<\/p>\n","protected":false},"featured_media":3593,"comment_status":"open","ping_status":"closed","template":"","meta":{"site-sidebar-layout":"default","site-content-layout":"","ast-site-content-layout":"default","site-content-style":"default","site-sidebar-style":"default","ast-global-header-display":"","ast-banner-title-visibility":"","ast-main-header-display":"","ast-hfb-above-header-display":"","ast-hfb-below-header-display":"","ast-hfb-mobile-header-display":"","site-post-title":"","ast-breadcrumbs-content":"","ast-featured-img":"","footer-sml-layout":"","ast-disable-related-posts":"","theme-transparent-header-meta":"default","adv-header-id-meta":"","stick-header-meta":"","header-above-stick-meta":"","header-main-stick-meta":"","header-below-stick-meta":"","astra-migrate-meta-layouts":"set","ast-page-background-enabled":"default","ast-page-background-meta":{"desktop":{"background-color":"var(--ast-global-color-4)","background-image":"","background-repeat":"repeat","background-position":"center center","background-size":"auto","background-attachment":"scroll","background-type":"","background-media":"","overlay-type":"","overlay-color":"","overlay-opacity":"","overlay-gradient":""},"tablet":{"background-color":"","background-image":"","background-repeat":"repeat","background-position":"center center","background-size":"auto","background-attachment":"scroll","background-type":"","background-media":"","overlay-type":"","overlay-color":"","overlay-opacity":"","overlay-gradient":""},"mobile":{"background-color":"","background-image":"","background-repeat":"repeat","background-position":"center center","background-size":"auto","background-attachment":"scroll","background-type":"","background-media":"","overlay-type":"","overlay-color":"","overlay-opacity":"","overlay-gradient":""}},"ast-content-background-meta":{"desktop":{"background-color":"var(--ast-global-color-5)","background-image":"","background-repeat":"repeat","background-position":"center center","background-size":"auto","background-attachment":"scroll","background-type":"","background-media":"","overlay-type":"","overlay-color":"","overlay-opacity":"","overlay-gradient":""},"tablet":{"background-color":"var(--ast-global-color-5)","background-image":"","background-repeat":"repeat","background-position":"center center","background-size":"auto","background-attachment":"scroll","background-type":"","background-media":"","overlay-type":"","overlay-color":"","overlay-opacity":"","overlay-gradient":""},"mobile":{"background-color":"var(--ast-global-color-5)","background-image":"","background-repeat":"repeat","background-position":"center center","background-size":"auto","background-attachment":"scroll","background-type":"","background-media":"","overlay-type":"","overlay-color":"","overlay-opacity":"","overlay-gradient":""}},"_joinchat":[]},"product_brand":[],"product_cat":[67],"product_tag":[],"class_list":{"0":"post-3607","1":"product","2":"type-product","3":"status-publish","4":"has-post-thumbnail","6":"product_cat-snacks","7":"product_shipping_class-brievenbuspakket","8":"desktop-align-left","9":"tablet-align-left","10":"mobile-align-left","12":"first","13":"instock","14":"taxable","15":"shipping-taxable","16":"purchasable","17":"product-type-simple"},"_links":{"self":[{"href":"https:\/\/i-dogs.shop\/de\/wp-json\/wp\/v2\/product\/3607","targetHints":{"allow":["GET"]}}],"collection":[{"href":"https:\/\/i-dogs.shop\/de\/wp-json\/wp\/v2\/product"}],"about":[{"href":"https:\/\/i-dogs.shop\/de\/wp-json\/wp\/v2\/types\/product"}],"replies":[{"embeddable":true,"href":"https:\/\/i-dogs.shop\/de\/wp-json\/wp\/v2\/comments?post=3607"}],"version-history":[{"count":0,"href":"https:\/\/i-dogs.shop\/de\/wp-json\/wp\/v2\/product\/3607\/revisions"}],"wp:featuredmedia":[{"embeddable":true,"href":"https:\/\/i-dogs.shop\/de\/wp-json\/wp\/v2\/media\/3593"}],"wp:attachment":[{"href":"https:\/\/i-dogs.shop\/de\/wp-json\/wp\/v2\/media?parent=3607"}],"wp:term":[{"taxonomy":"product_brand","embeddable":true,"href":"https:\/\/i-dogs.shop\/de\/wp-json\/wp\/v2\/product_brand?post=3607"},{"taxonomy":"product_cat","embeddable":true,"href":"https:\/\/i-dogs.shop\/de\/wp-json\/wp\/v2\/product_cat?post=3607"},{"taxonomy":"product_tag","embeddable":true,"href":"https:\/\/i-dogs.shop\/de\/wp-json\/wp\/v2\/product_tag?post=3607"}],"curies":[{"name":"wp","href":"https:\/\/api.w.org\/{rel}","templated":true}]}}