{"id":3619,"date":"2025-04-11T15:36:51","date_gmt":"2025-04-11T14:36:51","guid":{"rendered":"https:\/\/i-dogs.shop\/?post_type=product&#038;p=3619"},"modified":"2025-06-26T11:43:25","modified_gmt":"2025-06-26T09:43:25","slug":"dog-snack-watermelon-apple","status":"publish","type":"product","link":"https:\/\/i-dogs.shop\/de\/produkt\/dog-snack-watermelon-apple\/","title":{"rendered":"Hundesnack Wassermelone\/Apfel"},"content":{"rendered":"<p>Suchen Sie einen leckeren Hundesnack, der auch noch gesund ist? Soopa Healthy Bites sind ein hypoallergener, getreidefreier Leckerbissen f\u00fcr Hunde, die gerne kauen. Sie werden aus nat\u00fcrlichen Zutaten in Humanqualit\u00e4t hergestellt, halten die Z\u00e4hne sauber und verbessern die Atmung des Hundes.<\/p>\n<p>Diese Leckerbissen sind vollgepackt mit Vitaminen, Mineralien und gesundheitlichen Vorteilen. Wussten Sie, dass die Aufnahme von Wassermelone in die Ern\u00e4hrung Ihres Hundes nicht nur seine Geschmacksknospen kitzelt, sondern auch den K\u00f6rper mit wichtigen Antioxidantien versorgt.<\/p>\n<p>\u00c4pfel sind nicht nur ein knackiger Leckerbissen, sondern auch vollgepackt mit wichtigen Vitaminen und Ballaststoffen, die das Verdauungssystem Ihres Hundes st\u00e4rken. Erg\u00e4nzen Sie die Ern\u00e4hrung Ihres Hundes mit den kognitiven Vorteilen der MCTs von Kokosnuss\u00f6l - eine einfache Abwechslung f\u00fcr einen energiegeladenen, vitalen Begleiter. Einfach, k\u00f6stlich, nahrhaft und das Beste daran: Hunde lieben es!<\/p>\n<p>Inhalt: 50 Gramm<\/p>","protected":false},"excerpt":{"rendered":"<p>Op zoek naar een heerlijke hondensnack die ook nog eens gezond is? Soopa Healthy Bites zijn een hypoallergene graanvrije traktatie voor de hond die graag kauwt. Ze zijn gemaakt met natuurlijke ingredi\u00ebnten van menselijke kwaliteit en helpen de tanden schoon te houden en de ademhaling van honden te verbeteren. Deze lekkernijen zitten boordevol vitamines, mineralen [&hellip;]<\/p>\n","protected":false},"featured_media":3596,"comment_status":"open","ping_status":"closed","template":"","meta":{"site-sidebar-layout":"default","site-content-layout":"","ast-site-content-layout":"default","site-content-style":"default","site-sidebar-style":"default","ast-global-header-display":"","ast-banner-title-visibility":"","ast-main-header-display":"","ast-hfb-above-header-display":"","ast-hfb-below-header-display":"","ast-hfb-mobile-header-display":"","site-post-title":"","ast-breadcrumbs-content":"","ast-featured-img":"","footer-sml-layout":"","ast-disable-related-posts":"","theme-transparent-header-meta":"default","adv-header-id-meta":"","stick-header-meta":"","header-above-stick-meta":"","header-main-stick-meta":"","header-below-stick-meta":"","astra-migrate-meta-layouts":"set","ast-page-background-enabled":"default","ast-page-background-meta":{"desktop":{"background-color":"var(--ast-global-color-4)","background-image":"","background-repeat":"repeat","background-position":"center center","background-size":"auto","background-attachment":"scroll","background-type":"","background-media":"","overlay-type":"","overlay-color":"","overlay-opacity":"","overlay-gradient":""},"tablet":{"background-color":"","background-image":"","background-repeat":"repeat","background-position":"center center","background-size":"auto","background-attachment":"scroll","background-type":"","background-media":"","overlay-type":"","overlay-color":"","overlay-opacity":"","overlay-gradient":""},"mobile":{"background-color":"","background-image":"","background-repeat":"repeat","background-position":"center center","background-size":"auto","background-attachment":"scroll","background-type":"","background-media":"","overlay-type":"","overlay-color":"","overlay-opacity":"","overlay-gradient":""}},"ast-content-background-meta":{"desktop":{"background-color":"var(--ast-global-color-5)","background-image":"","background-repeat":"repeat","background-position":"center center","background-size":"auto","background-attachment":"scroll","background-type":"","background-media":"","overlay-type":"","overlay-color":"","overlay-opacity":"","overlay-gradient":""},"tablet":{"background-color":"var(--ast-global-color-5)","background-image":"","background-repeat":"repeat","background-position":"center center","background-size":"auto","background-attachment":"scroll","background-type":"","background-media":"","overlay-type":"","overlay-color":"","overlay-opacity":"","overlay-gradient":""},"mobile":{"background-color":"var(--ast-global-color-5)","background-image":"","background-repeat":"repeat","background-position":"center center","background-size":"auto","background-attachment":"scroll","background-type":"","background-media":"","overlay-type":"","overlay-color":"","overlay-opacity":"","overlay-gradient":""}},"_joinchat":[]},"product_brand":[],"product_cat":[67],"product_tag":[],"class_list":{"0":"post-3619","1":"product","2":"type-product","3":"status-publish","4":"has-post-thumbnail","6":"product_cat-snacks","7":"product_shipping_class-brievenbuspakket","8":"desktop-align-left","9":"tablet-align-left","10":"mobile-align-left","12":"first","13":"instock","14":"taxable","15":"shipping-taxable","16":"purchasable","17":"product-type-simple"},"_links":{"self":[{"href":"https:\/\/i-dogs.shop\/de\/wp-json\/wp\/v2\/product\/3619","targetHints":{"allow":["GET"]}}],"collection":[{"href":"https:\/\/i-dogs.shop\/de\/wp-json\/wp\/v2\/product"}],"about":[{"href":"https:\/\/i-dogs.shop\/de\/wp-json\/wp\/v2\/types\/product"}],"replies":[{"embeddable":true,"href":"https:\/\/i-dogs.shop\/de\/wp-json\/wp\/v2\/comments?post=3619"}],"version-history":[{"count":0,"href":"https:\/\/i-dogs.shop\/de\/wp-json\/wp\/v2\/product\/3619\/revisions"}],"wp:featuredmedia":[{"embeddable":true,"href":"https:\/\/i-dogs.shop\/de\/wp-json\/wp\/v2\/media\/3596"}],"wp:attachment":[{"href":"https:\/\/i-dogs.shop\/de\/wp-json\/wp\/v2\/media?parent=3619"}],"wp:term":[{"taxonomy":"product_brand","embeddable":true,"href":"https:\/\/i-dogs.shop\/de\/wp-json\/wp\/v2\/product_brand?post=3619"},{"taxonomy":"product_cat","embeddable":true,"href":"https:\/\/i-dogs.shop\/de\/wp-json\/wp\/v2\/product_cat?post=3619"},{"taxonomy":"product_tag","embeddable":true,"href":"https:\/\/i-dogs.shop\/de\/wp-json\/wp\/v2\/product_tag?post=3619"}],"curies":[{"name":"wp","href":"https:\/\/api.w.org\/{rel}","templated":true}]}}