{"id":3640,"date":"2025-04-11T15:59:57","date_gmt":"2025-04-11T14:59:57","guid":{"rendered":"https:\/\/i-dogs.shop\/?post_type=product&#038;p=3640"},"modified":"2025-06-26T11:43:04","modified_gmt":"2025-06-26T09:43:04","slug":"dog-chew-papaya","status":"publish","type":"product","link":"https:\/\/i-dogs.shop\/de\/produkt\/dog-chew-papaya\/","title":{"rendered":"Hundekaue Papaya"},"content":{"rendered":"<p>Ein saftiger und k\u00f6stlicher Hundesnack, vollgepackt mit Vitaminen, Mineralien und Antioxidantien zur Bek\u00e4mpfung von Krankheiten. Papaya enth\u00e4lt Papain, ein Verdauungsenzym, das bei der Verdauung von Proteinen hilft und den Magen beruhigt, wenn Symptome auftreten. Papaya enth\u00e4lt auch antiparasit\u00e4re Eigenschaften, die Hunden bei der Bek\u00e4mpfung von Parasiten helfen k\u00f6nnen.<\/p>\n<p>Wussten Sie, dass der Mundgeruch Ihres Hundes nicht auf eine schlechte Mundgesundheit zur\u00fcckzuf\u00fchren ist, sondern oft vom Magen herr\u00fchrt? Es lohnt sich, auf das Futter zu achten, das Sie geben, aber Papaya hilft definitiv, unangenehme Gase und seltsame Ger\u00fcche abzubauen.<\/p>\n<p>Inhalt: 100 Gramm<\/p>","protected":false},"excerpt":{"rendered":"<p>Een sappige en heerlijke hondensnack boordevol ziektebestrijdende vitaminen, mineralen en antioxidanten. Papaya bevat &#8216;papa\u00efne&#8217;, een spijsverteringsenzym waarvan bekend is dat het helpt bij de vertering van eiwitten en dat ook helpt om de maag te kalmeren bij klachten. Papaya bevat ook antiparasitaire eigenschappen die honden ten goede kunnen komen tegen parasieten. Wist je dat Als [&hellip;]<\/p>\n","protected":false},"featured_media":3644,"comment_status":"open","ping_status":"closed","template":"","meta":{"site-sidebar-layout":"default","site-content-layout":"","ast-site-content-layout":"default","site-content-style":"default","site-sidebar-style":"default","ast-global-header-display":"","ast-banner-title-visibility":"","ast-main-header-display":"","ast-hfb-above-header-display":"","ast-hfb-below-header-display":"","ast-hfb-mobile-header-display":"","site-post-title":"","ast-breadcrumbs-content":"","ast-featured-img":"","footer-sml-layout":"","ast-disable-related-posts":"","theme-transparent-header-meta":"default","adv-header-id-meta":"","stick-header-meta":"","header-above-stick-meta":"","header-main-stick-meta":"","header-below-stick-meta":"","astra-migrate-meta-layouts":"set","ast-page-background-enabled":"default","ast-page-background-meta":{"desktop":{"background-color":"var(--ast-global-color-4)","background-image":"","background-repeat":"repeat","background-position":"center center","background-size":"auto","background-attachment":"scroll","background-type":"","background-media":"","overlay-type":"","overlay-color":"","overlay-opacity":"","overlay-gradient":""},"tablet":{"background-color":"","background-image":"","background-repeat":"repeat","background-position":"center center","background-size":"auto","background-attachment":"scroll","background-type":"","background-media":"","overlay-type":"","overlay-color":"","overlay-opacity":"","overlay-gradient":""},"mobile":{"background-color":"","background-image":"","background-repeat":"repeat","background-position":"center center","background-size":"auto","background-attachment":"scroll","background-type":"","background-media":"","overlay-type":"","overlay-color":"","overlay-opacity":"","overlay-gradient":""}},"ast-content-background-meta":{"desktop":{"background-color":"var(--ast-global-color-5)","background-image":"","background-repeat":"repeat","background-position":"center center","background-size":"auto","background-attachment":"scroll","background-type":"","background-media":"","overlay-type":"","overlay-color":"","overlay-opacity":"","overlay-gradient":""},"tablet":{"background-color":"var(--ast-global-color-5)","background-image":"","background-repeat":"repeat","background-position":"center center","background-size":"auto","background-attachment":"scroll","background-type":"","background-media":"","overlay-type":"","overlay-color":"","overlay-opacity":"","overlay-gradient":""},"mobile":{"background-color":"var(--ast-global-color-5)","background-image":"","background-repeat":"repeat","background-position":"center center","background-size":"auto","background-attachment":"scroll","background-type":"","background-media":"","overlay-type":"","overlay-color":"","overlay-opacity":"","overlay-gradient":""}},"_joinchat":[]},"product_brand":[],"product_cat":[67],"product_tag":[],"class_list":{"0":"post-3640","1":"product","2":"type-product","3":"status-publish","4":"has-post-thumbnail","6":"product_cat-snacks","7":"product_shipping_class-standaard-pakket","8":"desktop-align-left","9":"tablet-align-left","10":"mobile-align-left","12":"first","13":"instock","14":"taxable","15":"shipping-taxable","16":"purchasable","17":"product-type-simple"},"_links":{"self":[{"href":"https:\/\/i-dogs.shop\/de\/wp-json\/wp\/v2\/product\/3640","targetHints":{"allow":["GET"]}}],"collection":[{"href":"https:\/\/i-dogs.shop\/de\/wp-json\/wp\/v2\/product"}],"about":[{"href":"https:\/\/i-dogs.shop\/de\/wp-json\/wp\/v2\/types\/product"}],"replies":[{"embeddable":true,"href":"https:\/\/i-dogs.shop\/de\/wp-json\/wp\/v2\/comments?post=3640"}],"version-history":[{"count":0,"href":"https:\/\/i-dogs.shop\/de\/wp-json\/wp\/v2\/product\/3640\/revisions"}],"wp:featuredmedia":[{"embeddable":true,"href":"https:\/\/i-dogs.shop\/de\/wp-json\/wp\/v2\/media\/3644"}],"wp:attachment":[{"href":"https:\/\/i-dogs.shop\/de\/wp-json\/wp\/v2\/media?parent=3640"}],"wp:term":[{"taxonomy":"product_brand","embeddable":true,"href":"https:\/\/i-dogs.shop\/de\/wp-json\/wp\/v2\/product_brand?post=3640"},{"taxonomy":"product_cat","embeddable":true,"href":"https:\/\/i-dogs.shop\/de\/wp-json\/wp\/v2\/product_cat?post=3640"},{"taxonomy":"product_tag","embeddable":true,"href":"https:\/\/i-dogs.shop\/de\/wp-json\/wp\/v2\/product_tag?post=3640"}],"curies":[{"name":"wp","href":"https:\/\/api.w.org\/{rel}","templated":true}]}}