{"id":3867,"date":"2025-05-05T09:23:19","date_gmt":"2025-05-05T08:23:19","guid":{"rendered":"https:\/\/i-dogs.shop\/?post_type=product&#038;p=3867"},"modified":"2025-06-10T14:52:21","modified_gmt":"2025-06-10T12:52:21","slug":"new-joachim-the-dashie","status":"publish","type":"product","link":"https:\/\/i-dogs.shop\/de\/produkt\/new-joachim-the-dashie\/","title":{"rendered":"Joachim der Dashie"},"content":{"rendered":"<p>Begr\u00fc\u00dfen Sie Joachim den Dackel - ein weiches, hochwertiges Hundespielzeug f\u00fcr verspielte Welpen. Mit seinen Schlappohren, kurzen Beinen und dem fr\u00f6hlichen Quietscher im Inneren ist Joachim immer bereit f\u00fcr Spiel und Spa\u00df.<\/p>\n<p>&nbsp;<\/p>\n<p>Wenn der Tag zu Ende geht, kuschelt er sich genauso gerne in Ihr Hundebett. Verspielt, kuschelig und voller Charme - Joachim wird mit Sicherheit der neue Lieblingsfreund Ihres Hundes werden.<\/p>","protected":false},"excerpt":{"rendered":"<p>Zeg hallo tegen Joachim de Teckel \u2013 een zachte, hoogwaardige hondenspeelgoed gemaakt voor speelse pups. Met zijn flaporen, korte poten en vrolijke pieper binnenin, is Joachim altijd klaar voor plezier en spelletjes. &nbsp; Wanneer de dag ten einde loopt, is hij net zo blij om zich op te krullen in het bed van je hond. [&hellip;]<\/p>\n","protected":false},"featured_media":3870,"comment_status":"open","ping_status":"closed","template":"","meta":{"site-sidebar-layout":"default","site-content-layout":"","ast-site-content-layout":"default","site-content-style":"default","site-sidebar-style":"default","ast-global-header-display":"","ast-banner-title-visibility":"","ast-main-header-display":"","ast-hfb-above-header-display":"","ast-hfb-below-header-display":"","ast-hfb-mobile-header-display":"","site-post-title":"","ast-breadcrumbs-content":"","ast-featured-img":"","footer-sml-layout":"","ast-disable-related-posts":"","theme-transparent-header-meta":"default","adv-header-id-meta":"","stick-header-meta":"","header-above-stick-meta":"","header-main-stick-meta":"","header-below-stick-meta":"","astra-migrate-meta-layouts":"set","ast-page-background-enabled":"default","ast-page-background-meta":{"desktop":{"background-color":"var(--ast-global-color-4)","background-image":"","background-repeat":"repeat","background-position":"center center","background-size":"auto","background-attachment":"scroll","background-type":"","background-media":"","overlay-type":"","overlay-color":"","overlay-opacity":"","overlay-gradient":""},"tablet":{"background-color":"","background-image":"","background-repeat":"repeat","background-position":"center center","background-size":"auto","background-attachment":"scroll","background-type":"","background-media":"","overlay-type":"","overlay-color":"","overlay-opacity":"","overlay-gradient":""},"mobile":{"background-color":"","background-image":"","background-repeat":"repeat","background-position":"center center","background-size":"auto","background-attachment":"scroll","background-type":"","background-media":"","overlay-type":"","overlay-color":"","overlay-opacity":"","overlay-gradient":""}},"ast-content-background-meta":{"desktop":{"background-color":"var(--ast-global-color-5)","background-image":"","background-repeat":"repeat","background-position":"center center","background-size":"auto","background-attachment":"scroll","background-type":"","background-media":"","overlay-type":"","overlay-color":"","overlay-opacity":"","overlay-gradient":""},"tablet":{"background-color":"var(--ast-global-color-5)","background-image":"","background-repeat":"repeat","background-position":"center center","background-size":"auto","background-attachment":"scroll","background-type":"","background-media":"","overlay-type":"","overlay-color":"","overlay-opacity":"","overlay-gradient":""},"mobile":{"background-color":"var(--ast-global-color-5)","background-image":"","background-repeat":"repeat","background-position":"center center","background-size":"auto","background-attachment":"scroll","background-type":"","background-media":"","overlay-type":"","overlay-color":"","overlay-opacity":"","overlay-gradient":""}},"_joinchat":[]},"product_brand":[],"product_cat":[66],"product_tag":[],"class_list":{"0":"post-3867","1":"product","2":"type-product","3":"status-publish","4":"has-post-thumbnail","6":"product_cat-speeltjes","7":"product_shipping_class-standaard-pakket","8":"desktop-align-left","9":"tablet-align-left","10":"mobile-align-left","12":"first","13":"instock","14":"taxable","15":"shipping-taxable","16":"purchasable","17":"product-type-simple"},"_links":{"self":[{"href":"https:\/\/i-dogs.shop\/de\/wp-json\/wp\/v2\/product\/3867","targetHints":{"allow":["GET"]}}],"collection":[{"href":"https:\/\/i-dogs.shop\/de\/wp-json\/wp\/v2\/product"}],"about":[{"href":"https:\/\/i-dogs.shop\/de\/wp-json\/wp\/v2\/types\/product"}],"replies":[{"embeddable":true,"href":"https:\/\/i-dogs.shop\/de\/wp-json\/wp\/v2\/comments?post=3867"}],"version-history":[{"count":0,"href":"https:\/\/i-dogs.shop\/de\/wp-json\/wp\/v2\/product\/3867\/revisions"}],"wp:featuredmedia":[{"embeddable":true,"href":"https:\/\/i-dogs.shop\/de\/wp-json\/wp\/v2\/media\/3870"}],"wp:attachment":[{"href":"https:\/\/i-dogs.shop\/de\/wp-json\/wp\/v2\/media?parent=3867"}],"wp:term":[{"taxonomy":"product_brand","embeddable":true,"href":"https:\/\/i-dogs.shop\/de\/wp-json\/wp\/v2\/product_brand?post=3867"},{"taxonomy":"product_cat","embeddable":true,"href":"https:\/\/i-dogs.shop\/de\/wp-json\/wp\/v2\/product_cat?post=3867"},{"taxonomy":"product_tag","embeddable":true,"href":"https:\/\/i-dogs.shop\/de\/wp-json\/wp\/v2\/product_tag?post=3867"}],"curies":[{"name":"wp","href":"https:\/\/api.w.org\/{rel}","templated":true}]}}