{"id":3898,"date":"2025-05-05T10:01:54","date_gmt":"2025-05-05T09:01:54","guid":{"rendered":"https:\/\/i-dogs.shop\/?post_type=product&#038;p=3898"},"modified":"2026-03-18T11:29:34","modified_gmt":"2026-03-18T09:29:34","slug":"new-slow-bowl-rainbow","status":"publish","type":"product","link":"https:\/\/i-dogs.shop\/de\/produkt\/new-slow-bowl-rainbow\/","title":{"rendered":"Langsamer Sch\u00fcssel-Regenbogen"},"content":{"rendered":"<p>Der erstaunliche Slow Bowl Rainbow ist die perfekte L\u00f6sung, um Ihren vierbeinigen Freund auf sinnvolle Weise zu besch\u00e4ftigen.<\/p>\n<p>\u2705 Perfekt f\u00fcr alle Hundegr\u00f6\u00dfen<\/p>\n<p>Die Leckmatte ist aus lebensmittelechtem Silikon hergestellt und BPA-frei.<\/p>\n<p>\u2705 Kann leicht in der Sp\u00fclmaschine gereinigt werden.<\/p>\n<p>An hei\u00dfen Tagen kann die Matte sogar eingefroren werden, damit Ihr Liebling k\u00fchl bleibt.<\/p>\n<p>\u2705 Starke Saugn\u00e4pfe<\/p>\n<p>Abmessungen: ca. 20x20x4cm<\/p>\n<p>*Die Farbe kann leicht von dem fotografierten Muster abweichen.<\/p>","protected":false},"excerpt":{"rendered":"<p>De geweldige Slow Bowl Rainbow is de perfecte oplossing om je viervoeter op een zinvolle manier bezig te houden. \u2705 Perfect voor alle hondengroottes \u2705 Gemaakt van voedselveilig siliconen, de likmat is BPA-vrij. \u2705 Kan eenvoudig in de vaatwasser worden gereinigd. \u2705 Op warme dagen kan de mat zelfs worden ingevroren om je lieveling verkoeling [&hellip;]<\/p>\n","protected":false},"featured_media":3901,"comment_status":"open","ping_status":"closed","template":"","meta":{"site-sidebar-layout":"default","site-content-layout":"","ast-site-content-layout":"default","site-content-style":"default","site-sidebar-style":"default","ast-global-header-display":"","ast-banner-title-visibility":"","ast-main-header-display":"","ast-hfb-above-header-display":"","ast-hfb-below-header-display":"","ast-hfb-mobile-header-display":"","site-post-title":"","ast-breadcrumbs-content":"","ast-featured-img":"","footer-sml-layout":"","ast-disable-related-posts":"","theme-transparent-header-meta":"default","adv-header-id-meta":"","stick-header-meta":"","header-above-stick-meta":"","header-main-stick-meta":"","header-below-stick-meta":"","astra-migrate-meta-layouts":"set","ast-page-background-enabled":"default","ast-page-background-meta":{"desktop":{"background-color":"var(--ast-global-color-4)","background-image":"","background-repeat":"repeat","background-position":"center center","background-size":"auto","background-attachment":"scroll","background-type":"","background-media":"","overlay-type":"","overlay-color":"","overlay-opacity":"","overlay-gradient":""},"tablet":{"background-color":"","background-image":"","background-repeat":"repeat","background-position":"center center","background-size":"auto","background-attachment":"scroll","background-type":"","background-media":"","overlay-type":"","overlay-color":"","overlay-opacity":"","overlay-gradient":""},"mobile":{"background-color":"","background-image":"","background-repeat":"repeat","background-position":"center center","background-size":"auto","background-attachment":"scroll","background-type":"","background-media":"","overlay-type":"","overlay-color":"","overlay-opacity":"","overlay-gradient":""}},"ast-content-background-meta":{"desktop":{"background-color":"var(--ast-global-color-5)","background-image":"","background-repeat":"repeat","background-position":"center center","background-size":"auto","background-attachment":"scroll","background-type":"","background-media":"","overlay-type":"","overlay-color":"","overlay-opacity":"","overlay-gradient":""},"tablet":{"background-color":"var(--ast-global-color-5)","background-image":"","background-repeat":"repeat","background-position":"center center","background-size":"auto","background-attachment":"scroll","background-type":"","background-media":"","overlay-type":"","overlay-color":"","overlay-opacity":"","overlay-gradient":""},"mobile":{"background-color":"var(--ast-global-color-5)","background-image":"","background-repeat":"repeat","background-position":"center center","background-size":"auto","background-attachment":"scroll","background-type":"","background-media":"","overlay-type":"","overlay-color":"","overlay-opacity":"","overlay-gradient":""}},"_joinchat":[]},"product_brand":[],"product_cat":[108],"product_tag":[],"class_list":{"0":"post-3898","1":"product","2":"type-product","3":"status-publish","4":"has-post-thumbnail","6":"product_cat-enrichment","7":"desktop-align-left","8":"tablet-align-left","9":"mobile-align-left","11":"first","12":"instock","13":"taxable","14":"shipping-taxable","15":"purchasable","16":"product-type-variable"},"_links":{"self":[{"href":"https:\/\/i-dogs.shop\/de\/wp-json\/wp\/v2\/product\/3898","targetHints":{"allow":["GET"]}}],"collection":[{"href":"https:\/\/i-dogs.shop\/de\/wp-json\/wp\/v2\/product"}],"about":[{"href":"https:\/\/i-dogs.shop\/de\/wp-json\/wp\/v2\/types\/product"}],"replies":[{"embeddable":true,"href":"https:\/\/i-dogs.shop\/de\/wp-json\/wp\/v2\/comments?post=3898"}],"version-history":[{"count":0,"href":"https:\/\/i-dogs.shop\/de\/wp-json\/wp\/v2\/product\/3898\/revisions"}],"wp:featuredmedia":[{"embeddable":true,"href":"https:\/\/i-dogs.shop\/de\/wp-json\/wp\/v2\/media\/3901"}],"wp:attachment":[{"href":"https:\/\/i-dogs.shop\/de\/wp-json\/wp\/v2\/media?parent=3898"}],"wp:term":[{"taxonomy":"product_brand","embeddable":true,"href":"https:\/\/i-dogs.shop\/de\/wp-json\/wp\/v2\/product_brand?post=3898"},{"taxonomy":"product_cat","embeddable":true,"href":"https:\/\/i-dogs.shop\/de\/wp-json\/wp\/v2\/product_cat?post=3898"},{"taxonomy":"product_tag","embeddable":true,"href":"https:\/\/i-dogs.shop\/de\/wp-json\/wp\/v2\/product_tag?post=3898"}],"curies":[{"name":"wp","href":"https:\/\/api.w.org\/{rel}","templated":true}]}}