{"id":5017,"date":"2025-11-11T21:43:09","date_gmt":"2025-11-11T19:43:09","guid":{"rendered":"https:\/\/i-dogs.shop\/?post_type=product&#038;p=5017"},"modified":"2026-01-17T11:24:31","modified_gmt":"2026-01-17T09:24:31","slug":"new-mossy-leash","status":"publish","type":"product","link":"https:\/\/i-dogs.shop\/de\/produkt\/new-mossy-leash\/","title":{"rendered":"Moosige Leine"},"content":{"rendered":"<p>Willst du modisch \u00fcber die Stra\u00dfe gehen? Dann ist dieser G\u00fcrtel von I-Dogs ein absolutes Must-Have.<\/p>\n<p>Dieser G\u00fcrtel hat eine L\u00e4nge von 152 cm. Vervollst\u00e4ndigen Sie diesen Look mit dem\u00a0<a href=\"https:\/\/i-dogs.shop\/de\/produkt\/mossy-harness\/\">passender Gurt<\/a>\u00a0oder\u00a0<a href=\"https:\/\/i-dogs.shop\/de\/produkt\/new-mossy-collar\/\">passender Kragen<\/a>\u00a0und die\u00a0<a href=\"https:\/\/i-dogs.shop\/de\/produkt\/new-mossy-poopbagholder\/\">passender Kackbeutelhalter<\/a>.<\/p>\n<p>Dieser G\u00fcrtel kann mit der Hand gewaschen und an der Luft getrocknet werden.<\/p>","protected":false},"excerpt":{"rendered":"<p>Wil je fashionable over straat lopen? Dan is deze I-Dogs riem echt een musthave. Deze riem heeft een lengte van 152cm. Maak deze look compleet met de\u00a0bijpassende tuigje\u00a0of\u00a0bijpassende halsband\u00a0en de\u00a0bijpassende poepzakhouder. Deze riem kan gewassen worden middels handwas en aan de lucht laten drogen.<\/p>","protected":false},"featured_media":4970,"comment_status":"open","ping_status":"closed","template":"","meta":{"site-sidebar-layout":"default","site-content-layout":"","ast-site-content-layout":"default","site-content-style":"default","site-sidebar-style":"default","ast-global-header-display":"","ast-banner-title-visibility":"","ast-main-header-display":"","ast-hfb-above-header-display":"","ast-hfb-below-header-display":"","ast-hfb-mobile-header-display":"","site-post-title":"","ast-breadcrumbs-content":"","ast-featured-img":"","footer-sml-layout":"","ast-disable-related-posts":"","theme-transparent-header-meta":"default","adv-header-id-meta":"","stick-header-meta":"","header-above-stick-meta":"","header-main-stick-meta":"","header-below-stick-meta":"","astra-migrate-meta-layouts":"set","ast-page-background-enabled":"default","ast-page-background-meta":{"desktop":{"background-color":"var(--ast-global-color-4)","background-image":"","background-repeat":"repeat","background-position":"center center","background-size":"auto","background-attachment":"scroll","background-type":"","background-media":"","overlay-type":"","overlay-color":"","overlay-opacity":"","overlay-gradient":""},"tablet":{"background-color":"","background-image":"","background-repeat":"repeat","background-position":"center center","background-size":"auto","background-attachment":"scroll","background-type":"","background-media":"","overlay-type":"","overlay-color":"","overlay-opacity":"","overlay-gradient":""},"mobile":{"background-color":"","background-image":"","background-repeat":"repeat","background-position":"center center","background-size":"auto","background-attachment":"scroll","background-type":"","background-media":"","overlay-type":"","overlay-color":"","overlay-opacity":"","overlay-gradient":""}},"ast-content-background-meta":{"desktop":{"background-color":"var(--ast-global-color-5)","background-image":"","background-repeat":"repeat","background-position":"center center","background-size":"auto","background-attachment":"scroll","background-type":"","background-media":"","overlay-type":"","overlay-color":"","overlay-opacity":"","overlay-gradient":""},"tablet":{"background-color":"var(--ast-global-color-5)","background-image":"","background-repeat":"repeat","background-position":"center center","background-size":"auto","background-attachment":"scroll","background-type":"","background-media":"","overlay-type":"","overlay-color":"","overlay-opacity":"","overlay-gradient":""},"mobile":{"background-color":"var(--ast-global-color-5)","background-image":"","background-repeat":"repeat","background-position":"center center","background-size":"auto","background-attachment":"scroll","background-type":"","background-media":"","overlay-type":"","overlay-color":"","overlay-opacity":"","overlay-gradient":""}},"_joinchat":[]},"product_brand":[],"product_cat":[126],"product_tag":[],"class_list":{"0":"post-5017","1":"product","2":"type-product","3":"status-publish","4":"has-post-thumbnail","6":"product_cat-leashesandpoopbagholders","7":"product_shipping_class-brievenbuspakket","8":"desktop-align-left","9":"tablet-align-left","10":"mobile-align-left","12":"first","13":"instock","14":"taxable","15":"shipping-taxable","16":"purchasable","17":"product-type-simple"},"_links":{"self":[{"href":"https:\/\/i-dogs.shop\/de\/wp-json\/wp\/v2\/product\/5017","targetHints":{"allow":["GET"]}}],"collection":[{"href":"https:\/\/i-dogs.shop\/de\/wp-json\/wp\/v2\/product"}],"about":[{"href":"https:\/\/i-dogs.shop\/de\/wp-json\/wp\/v2\/types\/product"}],"replies":[{"embeddable":true,"href":"https:\/\/i-dogs.shop\/de\/wp-json\/wp\/v2\/comments?post=5017"}],"version-history":[{"count":0,"href":"https:\/\/i-dogs.shop\/de\/wp-json\/wp\/v2\/product\/5017\/revisions"}],"wp:featuredmedia":[{"embeddable":true,"href":"https:\/\/i-dogs.shop\/de\/wp-json\/wp\/v2\/media\/4970"}],"wp:attachment":[{"href":"https:\/\/i-dogs.shop\/de\/wp-json\/wp\/v2\/media?parent=5017"}],"wp:term":[{"taxonomy":"product_brand","embeddable":true,"href":"https:\/\/i-dogs.shop\/de\/wp-json\/wp\/v2\/product_brand?post=5017"},{"taxonomy":"product_cat","embeddable":true,"href":"https:\/\/i-dogs.shop\/de\/wp-json\/wp\/v2\/product_cat?post=5017"},{"taxonomy":"product_tag","embeddable":true,"href":"https:\/\/i-dogs.shop\/de\/wp-json\/wp\/v2\/product_tag?post=5017"}],"curies":[{"name":"wp","href":"https:\/\/api.w.org\/{rel}","templated":true}]}}