{"id":5046,"date":"2025-11-23T16:27:33","date_gmt":"2025-11-23T14:27:33","guid":{"rendered":"https:\/\/i-dogs.shop\/?post_type=product&#038;p=5046"},"modified":"2026-03-22T14:36:06","modified_gmt":"2026-03-22T12:36:06","slug":"cave-in-the-woods","status":"publish","type":"product","link":"https:\/\/i-dogs.shop\/de\/produkt\/cave-in-the-woods\/","title":{"rendered":"LIMITED EDITION - H\u00f6hle im Wald"},"content":{"rendered":"<p>Eine Kuschelh\u00f6hle ist eine Kombination aus einem Schlafsack und einem sch\u00f6nen Kopfkissen.<\/p>\n<p>Bei uns k\u00f6nnen Sie Ihre Kuschelh\u00f6hle ganz individuell gestalten.<\/p>\n<p>Die Kuschelh\u00f6hle enth\u00e4lt ein orthop\u00e4disches Kopfkissen. Es wird nicht separat, sondern innerhalb der Kuschelh\u00f6hle platziert. Es ist abnehmbar, so dass die Tasche gewaschen werden kann.<\/p>\n<p>Sobald sich der Hund auf das Kissen legt, passt es sich dem K\u00f6rper des Hundes an. Ideal f\u00fcr Hunde mit schmerzhaften Gelenken.<\/p>\n<p><strong>Abmessungen:<\/strong><\/p>\n<p>- Gr\u00f6\u00dfe M: 80 x 50 x 7 (geeignet f\u00fcr Standard Dackel\/Jack Russel)<\/p>\n<p><strong>Waschanleitung:<\/strong><\/p>\n<p>- Maschinenw\u00e4sche bei 30 Grad<\/p>\n<p>- NICHT im W\u00e4schetrockner trocknen!<\/p>\n<p>Diese Waschanleitung gilt nur f\u00fcr den Bezug.<\/p>","protected":false},"excerpt":{"rendered":"<p>Een snuggle cave is een combinatie van een slaapzak met daarin een heerlijk kussen. Je kan bij ons je snuggle cave helemaal zelf samenstellen. In de snuggle cave zit een orthopedisch kussen. Deze ligt er niet los in, maar zit in de snuggle cave. Deze is w\u00e9l uitneembaar, zodat de zak gewassen kan worden. Zodra [&hellip;]<\/p>\n","protected":false},"featured_media":5048,"comment_status":"open","ping_status":"closed","template":"","meta":{"site-sidebar-layout":"default","site-content-layout":"","ast-site-content-layout":"default","site-content-style":"default","site-sidebar-style":"default","ast-global-header-display":"","ast-banner-title-visibility":"","ast-main-header-display":"","ast-hfb-above-header-display":"","ast-hfb-below-header-display":"","ast-hfb-mobile-header-display":"","site-post-title":"","ast-breadcrumbs-content":"","ast-featured-img":"","footer-sml-layout":"","ast-disable-related-posts":"","theme-transparent-header-meta":"default","adv-header-id-meta":"","stick-header-meta":"","header-above-stick-meta":"","header-main-stick-meta":"","header-below-stick-meta":"","astra-migrate-meta-layouts":"set","ast-page-background-enabled":"default","ast-page-background-meta":{"desktop":{"background-color":"var(--ast-global-color-4)","background-image":"","background-repeat":"repeat","background-position":"center center","background-size":"auto","background-attachment":"scroll","background-type":"","background-media":"","overlay-type":"","overlay-color":"","overlay-opacity":"","overlay-gradient":""},"tablet":{"background-color":"","background-image":"","background-repeat":"repeat","background-position":"center center","background-size":"auto","background-attachment":"scroll","background-type":"","background-media":"","overlay-type":"","overlay-color":"","overlay-opacity":"","overlay-gradient":""},"mobile":{"background-color":"","background-image":"","background-repeat":"repeat","background-position":"center center","background-size":"auto","background-attachment":"scroll","background-type":"","background-media":"","overlay-type":"","overlay-color":"","overlay-opacity":"","overlay-gradient":""}},"ast-content-background-meta":{"desktop":{"background-color":"var(--ast-global-color-5)","background-image":"","background-repeat":"repeat","background-position":"center center","background-size":"auto","background-attachment":"scroll","background-type":"","background-media":"","overlay-type":"","overlay-color":"","overlay-opacity":"","overlay-gradient":""},"tablet":{"background-color":"var(--ast-global-color-5)","background-image":"","background-repeat":"repeat","background-position":"center center","background-size":"auto","background-attachment":"scroll","background-type":"","background-media":"","overlay-type":"","overlay-color":"","overlay-opacity":"","overlay-gradient":""},"mobile":{"background-color":"var(--ast-global-color-5)","background-image":"","background-repeat":"repeat","background-position":"center center","background-size":"auto","background-attachment":"scroll","background-type":"","background-media":"","overlay-type":"","overlay-color":"","overlay-opacity":"","overlay-gradient":""}},"_joinchat":[]},"product_brand":[],"product_cat":[86],"product_tag":[],"class_list":{"0":"post-5046","1":"product","2":"type-product","3":"status-publish","4":"has-post-thumbnail","6":"product_cat-snugglelounge","7":"product_shipping_class-standaard-pakket","8":"desktop-align-left","9":"tablet-align-left","10":"mobile-align-left","12":"first","13":"outofstock","14":"taxable","15":"shipping-taxable","16":"purchasable","17":"product-type-simple"},"_links":{"self":[{"href":"https:\/\/i-dogs.shop\/de\/wp-json\/wp\/v2\/product\/5046","targetHints":{"allow":["GET"]}}],"collection":[{"href":"https:\/\/i-dogs.shop\/de\/wp-json\/wp\/v2\/product"}],"about":[{"href":"https:\/\/i-dogs.shop\/de\/wp-json\/wp\/v2\/types\/product"}],"replies":[{"embeddable":true,"href":"https:\/\/i-dogs.shop\/de\/wp-json\/wp\/v2\/comments?post=5046"}],"version-history":[{"count":0,"href":"https:\/\/i-dogs.shop\/de\/wp-json\/wp\/v2\/product\/5046\/revisions"}],"wp:featuredmedia":[{"embeddable":true,"href":"https:\/\/i-dogs.shop\/de\/wp-json\/wp\/v2\/media\/5048"}],"wp:attachment":[{"href":"https:\/\/i-dogs.shop\/de\/wp-json\/wp\/v2\/media?parent=5046"}],"wp:term":[{"taxonomy":"product_brand","embeddable":true,"href":"https:\/\/i-dogs.shop\/de\/wp-json\/wp\/v2\/product_brand?post=5046"},{"taxonomy":"product_cat","embeddable":true,"href":"https:\/\/i-dogs.shop\/de\/wp-json\/wp\/v2\/product_cat?post=5046"},{"taxonomy":"product_tag","embeddable":true,"href":"https:\/\/i-dogs.shop\/de\/wp-json\/wp\/v2\/product_tag?post=5046"}],"curies":[{"name":"wp","href":"https:\/\/api.w.org\/{rel}","templated":true}]}}