{"id":5290,"date":"2026-04-12T16:02:35","date_gmt":"2026-04-12T14:02:35","guid":{"rendered":"https:\/\/i-dogs.shop\/?post_type=product&#038;p=5290"},"modified":"2026-04-12T16:14:45","modified_gmt":"2026-04-12T14:14:45","slug":"new-velvettino-pink","status":"publish","type":"product","link":"https:\/\/i-dogs.shop\/de\/produkt\/new-velvettino-pink\/","title":{"rendered":"NEU \u2013 Velvettino pink"},"content":{"rendered":"<p>Schlafsack, wunderbar warm und weich zum Liegen und Schlafen in den k\u00e4lteren Tagen, aber auch f\u00fcr einen vertrauten und gem\u00fctlichen Ort!<\/p>\n<p>Der Schlafsack bietet ein sicheres Gef\u00fchl f\u00fcr Welpen oder \u00e4ltere Hunde, zum Beispiel. Ideal f\u00fcr die Kiste, das K\u00f6rbchen oder die Couch, aber auch praktisch f\u00fcr die Reise oder die Mitnahme in ein Restaurant oder auf den Campingplatz.<\/p>\n<p>Dieser Schlafsack ist multifunktionell. Er kann n\u00e4mlich auch als K\u00f6rbchen oder Decke verwendet werden.<\/p>\n<p>&nbsp;<\/p>\n<p><strong>Gr\u00f6\u00dfenangabe:<\/strong><\/p>\n<p>Die Breite und Tiefe von 70 cm ist gro\u00df genug f\u00fcr Kaninchen, Zwerg- und Standarddackel und die meisten anderen kleinen bis mittelgro\u00dfen Rassen.<\/p>\n<p>Alle Schlafs\u00e4cke sind handgefertigt und k\u00f6nnen daher in der Gr\u00f6\u00dfe leicht abweichen.<\/p>\n<p>Sie m\u00f6chten eine andere Gr\u00f6\u00dfe? Sie k\u00f6nnen! nehmen\u00a0<a href=\"https:\/\/i-dogs.shop\/de\/pages\/contact\/\">Kontakt<\/a>\u00a0Kontaktieren Sie uns f\u00fcr die M\u00f6glichkeiten<\/p>\n<p>&nbsp;<\/p>\n<p><strong>Material:<\/strong><\/p>\n<p>F\u00fcr unsere Schlafs\u00e4cke verwenden wir haustierfreundliche und feuerhemmende Bezugsstoffe, die zudem leicht zu reinigen sind. Haustierfest bedeutet, dass der Stoff resistent gegen W\u00fchlen und Knabbern ist. Bitte beachten Sie, dass die Schlafs\u00e4cke zwar haustierfest sind, dies aber nicht bedeutet, dass sie unzerst\u00f6rbar sind. Die Schlafs\u00e4cke sind daher nicht als Spielzeug geeignet.<\/p>\n<p>Dieser Schlafsack hat ein warmes und weiches Kunstfell-Interieur.<\/p>\n<p>ACHTUNG: Die Farben k\u00f6nnen leicht von der Abbildung abweichen.<\/p>\n<p><strong>Waschanleitung:<\/strong><\/p>\n<p>Der Schlafsack kann bei 30 Grad gewaschen werden (ohne Weichsp\u00fcler) und sollte nicht in den Trockner.<\/p>\n<p>Wenn Sie Fragen oder Zweifel bez\u00fcglich der Gr\u00f6\u00dfe haben, wenden Sie sich bitte an\u00a0<a href=\"https:\/\/i-dogs.shop\/de\/pages\/contact\/\">Kontakt<\/a>\u00a0mit uns.<\/p>","protected":false},"excerpt":{"rendered":"<p>Slaapzak, heerlijk warm en zacht om in te liggen en te slapen tijdens de koudere dagen, maar ook voor een vertrouwd en knus plekje! De slaapzak biedt een veilig gevoel voor bijvoorbeeld pups of oudere honden. Ideaal voor in de bench, mand of op de bank, maar ook handig voor onderweg of mee te nemen [&hellip;]<\/p>\n","protected":false},"featured_media":5234,"comment_status":"open","ping_status":"closed","template":"","meta":{"site-sidebar-layout":"default","site-content-layout":"","ast-site-content-layout":"default","site-content-style":"default","site-sidebar-style":"default","ast-global-header-display":"","ast-banner-title-visibility":"","ast-main-header-display":"","ast-hfb-above-header-display":"","ast-hfb-below-header-display":"","ast-hfb-mobile-header-display":"","site-post-title":"","ast-breadcrumbs-content":"","ast-featured-img":"","footer-sml-layout":"","ast-disable-related-posts":"","theme-transparent-header-meta":"default","adv-header-id-meta":"","stick-header-meta":"","header-above-stick-meta":"","header-main-stick-meta":"","header-below-stick-meta":"","astra-migrate-meta-layouts":"set","ast-page-background-enabled":"default","ast-page-background-meta":{"desktop":{"background-color":"var(--ast-global-color-4)","background-image":"","background-repeat":"repeat","background-position":"center center","background-size":"auto","background-attachment":"scroll","background-type":"","background-media":"","overlay-type":"","overlay-color":"","overlay-opacity":"","overlay-gradient":""},"tablet":{"background-color":"","background-image":"","background-repeat":"repeat","background-position":"center center","background-size":"auto","background-attachment":"scroll","background-type":"","background-media":"","overlay-type":"","overlay-color":"","overlay-opacity":"","overlay-gradient":""},"mobile":{"background-color":"","background-image":"","background-repeat":"repeat","background-position":"center center","background-size":"auto","background-attachment":"scroll","background-type":"","background-media":"","overlay-type":"","overlay-color":"","overlay-opacity":"","overlay-gradient":""}},"ast-content-background-meta":{"desktop":{"background-color":"var(--ast-global-color-5)","background-image":"","background-repeat":"repeat","background-position":"center center","background-size":"auto","background-attachment":"scroll","background-type":"","background-media":"","overlay-type":"","overlay-color":"","overlay-opacity":"","overlay-gradient":""},"tablet":{"background-color":"var(--ast-global-color-5)","background-image":"","background-repeat":"repeat","background-position":"center center","background-size":"auto","background-attachment":"scroll","background-type":"","background-media":"","overlay-type":"","overlay-color":"","overlay-opacity":"","overlay-gradient":""},"mobile":{"background-color":"var(--ast-global-color-5)","background-image":"","background-repeat":"repeat","background-position":"center center","background-size":"auto","background-attachment":"scroll","background-type":"","background-media":"","overlay-type":"","overlay-color":"","overlay-opacity":"","overlay-gradient":""}},"_joinchat":[]},"product_brand":[],"product_cat":[86],"product_tag":[],"class_list":{"0":"post-5290","1":"product","2":"type-product","3":"status-publish","4":"has-post-thumbnail","6":"product_cat-snugglelounge","7":"product_shipping_class-standaard-pakket","8":"desktop-align-left","9":"tablet-align-left","10":"mobile-align-left","12":"first","13":"instock","14":"taxable","15":"shipping-taxable","16":"purchasable","17":"product-type-simple"},"_links":{"self":[{"href":"https:\/\/i-dogs.shop\/de\/wp-json\/wp\/v2\/product\/5290","targetHints":{"allow":["GET"]}}],"collection":[{"href":"https:\/\/i-dogs.shop\/de\/wp-json\/wp\/v2\/product"}],"about":[{"href":"https:\/\/i-dogs.shop\/de\/wp-json\/wp\/v2\/types\/product"}],"replies":[{"embeddable":true,"href":"https:\/\/i-dogs.shop\/de\/wp-json\/wp\/v2\/comments?post=5290"}],"version-history":[{"count":1,"href":"https:\/\/i-dogs.shop\/de\/wp-json\/wp\/v2\/product\/5290\/revisions"}],"predecessor-version":[{"id":5291,"href":"https:\/\/i-dogs.shop\/de\/wp-json\/wp\/v2\/product\/5290\/revisions\/5291"}],"wp:featuredmedia":[{"embeddable":true,"href":"https:\/\/i-dogs.shop\/de\/wp-json\/wp\/v2\/media\/5234"}],"wp:attachment":[{"href":"https:\/\/i-dogs.shop\/de\/wp-json\/wp\/v2\/media?parent=5290"}],"wp:term":[{"taxonomy":"product_brand","embeddable":true,"href":"https:\/\/i-dogs.shop\/de\/wp-json\/wp\/v2\/product_brand?post=5290"},{"taxonomy":"product_cat","embeddable":true,"href":"https:\/\/i-dogs.shop\/de\/wp-json\/wp\/v2\/product_cat?post=5290"},{"taxonomy":"product_tag","embeddable":true,"href":"https:\/\/i-dogs.shop\/de\/wp-json\/wp\/v2\/product_tag?post=5290"}],"curies":[{"name":"wp","href":"https:\/\/api.w.org\/{rel}","templated":true}]}}